{"id":702,"date":"2024-04-24T22:59:01","date_gmt":"2024-04-24T22:59:01","guid":{"rendered":"https:\/\/www.lemediterraneen-montargis.com\/?page_id=702"},"modified":"2024-04-24T23:02:47","modified_gmt":"2024-04-24T23:02:47","slug":"nos-actions-eco-responsables","status":"publish","type":"page","link":"https:\/\/www.lemediterraneen-montargis.com\/en\/nos-actions-eco-responsables\/","title":{"rendered":"Nos actions eco-responsables"},"content":{"rendered":"<div data-elementor-type=\"wp-page\" data-elementor-id=\"702\" class=\"elementor elementor-702\" data-elementor-post-type=\"page\">\n\t\t\t\t<div data-particle_enable=\"false\" data-particle-mobile-disabled=\"false\" class=\"elementor-element elementor-element-d082b3f e-flex e-con-boxed e-con e-parent\" data-id=\"d082b3f\" data-element_type=\"container\" data-e-type=\"container\">\n\t\t\t\t\t<div class=\"e-con-inner\">\n\t\t<div data-particle_enable=\"false\" data-particle-mobile-disabled=\"false\" class=\"elementor-element elementor-element-5ba806a e-flex e-con-boxed e-con e-child\" data-id=\"5ba806a\" data-element_type=\"container\" data-e-type=\"container\">\n\t\t\t\t\t<div class=\"e-con-inner\">\n\t\t\t\t<div class=\"elementor-element elementor-element-28c4b23 elementor-headline--style-highlight elementor-widget elementor-widget-animated-headline\" data-id=\"28c4b23\" data-element_type=\"widget\" data-e-type=\"widget\" data-settings=\"{&quot;marker&quot;:&quot;underline_zigzag&quot;,&quot;highlighted_text&quot;:&quot;\\&quot;eco-responsable\\&quot;&quot;,&quot;headline_style&quot;:&quot;highlight&quot;,&quot;loop&quot;:&quot;yes&quot;,&quot;highlight_animation_duration&quot;:1200,&quot;highlight_iteration_delay&quot;:8000}\" data-widget_type=\"animated-headline.default\">\n\t\t\t\t<div class=\"elementor-widget-container\">\n\t\t\t\t\t\t\t<h3 class=\"elementor-headline\">\n\t\t\t\t\t<span class=\"elementor-headline-plain-text elementor-headline-text-wrapper\">Our actions <\/span>\n\t\t\t\t<span class=\"elementor-headline-dynamic-wrapper elementor-headline-text-wrapper\">\n\t\t\t\t\t<span class=\"elementor-headline-dynamic-text elementor-headline-text-active\">&quot;environmentally friendly&quot;<\/span>\n\t\t\t\t<\/span>\n\t\t\t\t<\/h3>\n\t\t\t\t\t\t<\/div>\n\t\t\t\t<\/div>\n\t\t\t\t<div class=\"elementor-element elementor-element-60951c2 elementor-widget elementor-widget-text-editor\" data-id=\"60951c2\" data-element_type=\"widget\" data-e-type=\"widget\" data-widget_type=\"text-editor.default\">\n\t\t\t\t<div class=\"elementor-widget-container\">\n\t\t\t\t\t\t\t\t\t<p>In a world where environmental awareness is becoming increasingly important, our hotel is actively engaged in an eco-responsible approach to contribute to sustainable tourism. We understand the significant impact the hospitality industry can have on the environment and are committed to reducing our environmental footprint while providing our guests with an exceptional, nature-friendly experience.<\/p><h3><strong>Waste management and recycling<\/strong><\/h3><p>We have implemented a rigorous sorting system to encourage the recycling of materials such as paper, plastic, glass and metals. All organic waste is composted, thus helping to significantly reduce the quantity of waste sent to landfill.<\/p><h3><strong>Saving energy and water<\/strong><\/h3><p>Energy saving is at the heart of our eco-responsible policy. We have installed solar panels to supply part of our installations with renewable electricity. In addition, all our rooms are equipped with low-consumption LED bulbs and energy-efficient air conditioning systems. Regarding water consumption, water-saving devices are installed on all taps and showers, and we encourage our customers to reuse their towels to reduce the frequency of washing.<\/p><h3><strong>Awareness and training<\/strong><\/h3><p>Educating our staff and customers on sustainable practices is essential. We regularly organize workshops and training on ecology and sustainability. Additionally, we provide our guests with information on how they can contribute to greener tourism during their stay.<\/p><p>\u00a0<\/p>\t\t\t\t\t\t\t\t<\/div>\n\t\t\t\t<\/div>\n\t\t\t\t\t<\/div>\n\t\t\t\t<\/div>\n\t\t\t\t\t<\/div>\n\t\t\t\t<\/div>\n\t\t\t\t<\/div>","protected":false},"excerpt":{"rendered":"<p>Nos actions \u00ab\u00a0eco-responsable\u00a0\u00bb Dans un monde o\u00f9 la conscience environnementale prend une place de plus en plus importante, notre h\u00f4tel s&rsquo;engage activement dans une d\u00e9marche \u00e9coresponsable pour contribuer \u00e0 un tourisme durable. Nous comprenons l&rsquo;impact significatif que l&rsquo;industrie h\u00f4teli\u00e8re peut avoir sur l&rsquo;environnement et sommes d\u00e9termin\u00e9s \u00e0 r\u00e9duire notre empreinte \u00e9cologique tout en offrant \u00e0 [&hellip;]<\/p>\n","protected":false},"author":1,"featured_media":0,"parent":0,"menu_order":0,"comment_status":"closed","ping_status":"closed","template":"","meta":{"_acf_changed":false,"_eb_attr":"","footnotes":""},"class_list":["post-702","page","type-page","status-publish","hentry"],"acf":[],"_links":{"self":[{"href":"https:\/\/www.lemediterraneen-montargis.com\/en\/wp-json\/wp\/v2\/pages\/702","targetHints":{"allow":["GET"]}}],"collection":[{"href":"https:\/\/www.lemediterraneen-montargis.com\/en\/wp-json\/wp\/v2\/pages"}],"about":[{"href":"https:\/\/www.lemediterraneen-montargis.com\/en\/wp-json\/wp\/v2\/types\/page"}],"author":[{"embeddable":true,"href":"https:\/\/www.lemediterraneen-montargis.com\/en\/wp-json\/wp\/v2\/users\/1"}],"replies":[{"embeddable":true,"href":"https:\/\/www.lemediterraneen-montargis.com\/en\/wp-json\/wp\/v2\/comments?post=702"}],"version-history":[{"count":4,"href":"https:\/\/www.lemediterraneen-montargis.com\/en\/wp-json\/wp\/v2\/pages\/702\/revisions"}],"predecessor-version":[{"id":706,"href":"https:\/\/www.lemediterraneen-montargis.com\/en\/wp-json\/wp\/v2\/pages\/702\/revisions\/706"}],"wp:attachment":[{"href":"https:\/\/www.lemediterraneen-montargis.com\/en\/wp-json\/wp\/v2\/media?parent=702"}],"curies":[{"name":"wp","href":"https:\/\/api.w.org\/{rel}","templated":true}]}}