{"id":698,"date":"2024-04-24T22:53:49","date_gmt":"2024-04-24T22:53:49","guid":{"rendered":"https:\/\/www.lemediterraneen-montargis.com\/?page_id=698"},"modified":"2024-04-24T22:53:49","modified_gmt":"2024-04-24T22:53:49","slug":"mentions-legales","status":"publish","type":"page","link":"https:\/\/www.lemediterraneen-montargis.com\/en\/mentions-legales\/","title":{"rendered":"Legal Notice"},"content":{"rendered":"<p><strong>ACCOMMODATION<\/strong><\/p>\n\n\n\n<p>The site is hosted by the company<br>&nbsp;<strong>INFOMANIAK<\/strong>&nbsp;<strong>Rue Eug\u00e8ne-Marziano 25, 1227 Geneva, Switzerland<\/strong><\/p>\n\n\n\n<p><strong>COPYRIGHT<\/strong><\/p>\n\n\n\n<p>In application of the French Code of Intellectual Property and, more generally, international treaties and agreements containing provisions relating to the protection of copyright, you are prohibited from reproducing for any use other than private use but also from selling, distributing, issue, distribute, adapt, modify, publish, communicate in full or in part, in any form whatsoever, the data, presentation or organization of the site without the prior written authorization of <a href=\"https:\/\/www.lemediterraneen-montargis.com\/en\/\">https:\/\/www.lemediterraneen-montargis.com\/<\/a><\/p>\n\n\n\n<p><strong>FRENCH LEGISLATION RELATING TO THE RIGHT OF ACCESS TO COMPUTERIZED FILE<\/strong><\/p>\n\n\n\n<p>In accordance with French law N\u2022 78-17 of January 6, 1978 relating to data processing, files and freedoms (CNIL), any user who has posted directly or indirectly nominative information on this site may request the communication of nominative information. concerning it by addressing <a href=\"https:\/\/www.lemediterraneen-montargis.com\/en\/\">https:\/\/www.lemediterraneen-montargis.com\/<\/a> by email : <a href=\"mailto:info@sectra.com?subject=info\">lemediterraneen45@gmail.com<\/a>, and have them rectified if necessary.<\/p>\n\n\n\n<p><strong>DISCHARGE OF RESPONIBILITY<\/strong><\/p>\n\n\n\n<p>While we have taken all steps to ensure the reliability of the information contained on this website, ikadran.com cannot incur any liability for errors, omissions, or for the results that could be obtained by the use of this information. ikadran.com is only bound by an obligation of means regarding the information it makes available to people who access its website. Furthermore, the use of hypertext links may lead your consultation of our site to other servers, servers on which <a href=\"https:\/\/www.lemediterraneen-montargis.com\/en\/\">https:\/\/www.lemediterraneen-montargis.com\/ <\/a> has no control. <a href=\"https:\/\/www.lemediterraneen-montargis.com\/en\/\">https:\/\/www.lemediterraneen-montargis.com\/<\/a> is therefore not responsible for the information and content present on these servers.<\/p>\n\n\n\n<p><strong>ACCESS TO THE WEBSITE<\/strong><\/p>\n\n\n\n<p>Access to the Site is possible 24 hours a day, 7 days a week, except in the event of force majeure or an event beyond the control of <a href=\"https:\/\/www.lemediterraneen-montargis.com\/en\/\">https:\/\/www.lemediterraneen-montargis.com\/<\/a> and subject to possible breakdowns and maintenance interventions necessary for the proper functioning of the Site and related equipment. Access to the service is made from a microcomputer connected to a telecommunications network allowing access to the Site according to the communication protocols used on the Internet network.<\/p>","protected":false},"excerpt":{"rendered":"<p>HEBERGEMENT Le site est h\u00e9berg\u00e9&nbsp;par la soci\u00e9t\u00e9&nbsp;INFOMANIAK&nbsp;Rue Eug\u00e8ne-Marziano 25, 1227 Gen\u00e8ve, Suisse DROITS D\u2019AUTEUR En application du Code fran\u00e7ais de la Propri\u00e9t\u00e9 Intellectuelle et, plus g\u00e9n\u00e9ralement, des trait\u00e9s et accords internationaux comportant des dispositions relatives \u00e0 la protection des droits d\u2019auteurs, vous vous interdirez de reproduire pour un usage autre que priv\u00e9 mais aussi de [&hellip;]<\/p>\n","protected":false},"author":1,"featured_media":0,"parent":0,"menu_order":0,"comment_status":"closed","ping_status":"closed","template":"","meta":{"_acf_changed":false,"_eb_attr":"","footnotes":""},"class_list":["post-698","page","type-page","status-publish","hentry"],"acf":[],"_links":{"self":[{"href":"https:\/\/www.lemediterraneen-montargis.com\/en\/wp-json\/wp\/v2\/pages\/698","targetHints":{"allow":["GET"]}}],"collection":[{"href":"https:\/\/www.lemediterraneen-montargis.com\/en\/wp-json\/wp\/v2\/pages"}],"about":[{"href":"https:\/\/www.lemediterraneen-montargis.com\/en\/wp-json\/wp\/v2\/types\/page"}],"author":[{"embeddable":true,"href":"https:\/\/www.lemediterraneen-montargis.com\/en\/wp-json\/wp\/v2\/users\/1"}],"replies":[{"embeddable":true,"href":"https:\/\/www.lemediterraneen-montargis.com\/en\/wp-json\/wp\/v2\/comments?post=698"}],"version-history":[{"count":1,"href":"https:\/\/www.lemediterraneen-montargis.com\/en\/wp-json\/wp\/v2\/pages\/698\/revisions"}],"predecessor-version":[{"id":699,"href":"https:\/\/www.lemediterraneen-montargis.com\/en\/wp-json\/wp\/v2\/pages\/698\/revisions\/699"}],"wp:attachment":[{"href":"https:\/\/www.lemediterraneen-montargis.com\/en\/wp-json\/wp\/v2\/media?parent=698"}],"curies":[{"name":"wp","href":"https:\/\/api.w.org\/{rel}","templated":true}]}}