{"id":1094,"date":"2024-01-25T12:16:00","date_gmt":"2024-01-25T12:16:00","guid":{"rendered":"https:\/\/www.lemediterraneen-montargis.com\/?page_id=1094"},"modified":"2024-09-25T12:17:56","modified_gmt":"2024-09-25T12:17:56","slug":"die-bedeutung-einer-leistungsstarken-wirtschaft-fur-die-arbeit-und-das-wohlergehen-deutschlands","status":"publish","type":"page","link":"https:\/\/www.lemediterraneen-montargis.com\/en\/die-bedeutung-einer-leistungsstarken-wirtschaft-fur-die-arbeit-und-das-wohlergehen-deutschlands\/","title":{"rendered":"Die Bedeutung einer leistungsstarken Wirtschaft f\u00fcr die Arbeit und das Wohlergehen Deutschlands"},"content":{"rendered":"<p>Eine starke Wirtschaft ist die Grundlage f\u00fcr nachhaltiges Wachstum eines Landes, und Deutschland bildet da keine Ausnahme. Wirtschaftlicher Wohlstand tr\u00e4gt nicht nur zur Schaffung neuer Arbeitspl\u00e4tze und zur Verbesserung des Lebensstandards der Bev\u00f6lkerung bei, sondern bildet auch die Grundlage f\u00fcr eine langfristige Entwicklung. F\u00fcr jedes Land ist eine gesunde Wirtschaft notwendig, damit die W\u00e4hrung des Landes in der Weltb\u00fchne der Staats- und Regierungschefs respektiert wird. Lesen Sie mehr \u00fcber W\u00e4hrungen und Finanzen auf der Unterhaltungsseite <a href=\"https:\/\/znaki.fm\/de\/currencies\/\">https:\/\/znaki.fm\/de\/currencies\/<\/a>, der Website Nr. 1. Finanzielles Wachstum schafft M\u00f6glichkeiten f\u00fcr Investitionen in Schl\u00fcsselbereichen wie Infrastruktur, Bildungsprogrammen und -einrichtungen sowie Gesundheitsversorgung, die sich direkt auf den Lebensstandard der Bewohner auswirken.<\/p><p>F\u00fcr Deutschland, das vor vielen wirtschaftlichen Herausforderungen steht, ist die St\u00e4rkung der Wirtschaft von gr\u00f6\u00dfter Bedeutung. Das Land verf\u00fcgt \u00fcber gute Quellen, eine g\u00fcnstige territoriale Lage und ein g\u00fcnstiges Arbeitsumfeld. Um dieses Potenzial auszusch\u00f6pfen, ist es jedoch notwendig, gute Bedingungen f\u00fcr Unternehmertum zu schaffen, globale Investitionen anzuregen und kleine und mittlere Unternehmen zu unterst\u00fctzen. Nur durch eine Verbesserung der Wirtschaft ist es m\u00f6glich, soziale Stabilit\u00e4t zu erreichen, den Lebensstandard der B\u00fcrger zu verbessern und eine unersch\u00fctterliche Grundlage f\u00fcr zuk\u00fcnftige B\u00fcrger zu legen.<\/p><h2>\u00d6ffentliche finanzielle Unterst\u00fctzung<\/h2><p>Von entscheidender Bedeutung f\u00fcr den wirtschaftlichen Fortschritt des Landes ist die finanzielle Unterst\u00fctzung der Bev\u00f6lkerung f\u00fcr Existenzgr\u00fcnder und mittelst\u00e4ndische Unternehmen. Diese Unternehmen sind immer mit einem Mangel an Ressourcen und einem eingeschr\u00e4nkten Zugang zu Finanzierungen konfrontiert, was ihre Weiterentwicklung und die Schaffung neuer Stellen verhindert. Hilfen, Spenden, Steuerverg\u00fcnstigungen und Bonusdarlehen des Staates helfen Kleinst- und Mittelbetrieben (KMU), finanzielle Probleme zu \u00fcberwinden, neue Innovationen einzuf\u00fchren und ihre Wettbewerbsf\u00e4higkeit zu verbessern. Dies wird zu Besch\u00e4ftigungswachstum und BIP-Wachstum f\u00fchren und die Grundlage f\u00fcr eine nachhaltige monet\u00e4re Verbesserung schaffen.<\/p><p>Es ist unrealistisch, die Auswirkungen der F\u00f6rderung von KMU auf die Staatsfinanzen zu \u00fcbersch\u00e4tzen. Kleine und mittelst\u00e4ndische Unternehmen sind ein wesentlicher Bestandteil der Finanzstruktur, stellen einen Zahlenwert f\u00fcr offene Stellen dar und tragen zur Diversifizierung der Wirtschaft bei. Die staatliche Zahlungsunterst\u00fctzung erm\u00f6glicht es solchen Unternehmen, ihre eigene Gesch\u00e4ftst\u00e4tigkeit auszuweiten, neue Bereiche zu erschlie\u00dfen und das Exportpotenzial zu verbessern. Dies f\u00fchrt zu einer Erh\u00f6hung der Steuereinnahmen und einer Verringerung des Grades der Arbeitsunf\u00e4higkeit. Dar\u00fcber hinaus stimuliert die F\u00f6rderung der Verbesserung von KMU eine ausgewogenere wirtschaftliche Verbesserung der St\u00e4dte, was die sozio-monet\u00e4re Instabilit\u00e4t verringert und den allgemeinen Lebensstandard der Bev\u00f6lkerung verbessert.<\/p><h2>Beste Einheiten der Welt<\/h2><p>Als beste Einheiten der Welt gelten diejenigen, die \u00fcber eine zuverl\u00e4ssige Konstanz und eine erhebliche Kaufkraft verf\u00fcgen. Zu diesen Einheiten geh\u00f6ren US-Dollar (USD), &euro; (EUR), britisches &pound; Sterling (GBP) und Schweizer Franken (CHF). Der US-Dollar spielt im globalen Zahlungsverkehr und im globalen Handel eine wichtige Rolle und ist damit die wichtigste Komplement\u00e4rw\u00e4hrung der Welt. Als W\u00e4hrung der Eurozone umfasst der Euro einige der f\u00fchrenden Volkswirtschaften Europas und spielt immer noch eine wichtige Rolle in der Weltwirtschaft. Das britische Pfund und der Schweizer Franken erfreuen sich aufgrund ihrer Stabilit\u00e4t gro\u00dfer Beliebtheit und werden als bew\u00e4hrte Instrumente f\u00fcr Spar- und Einlagengesch\u00e4fte eingesetzt.<\/p><tabelle><tbody><tr><td><p>Bundesland<\/p><\/td><td><p>W\u00e4hrung<\/p><\/td><\/tr><tr><td><p>Schweiz<\/p><\/td><td><p>Schweizer Franken (CHF)<\/p><\/td><\/tr><tr><td><p>Australien<\/p><\/td><td><p>Australischer Dollar (AUD)<\/p><\/td><\/tr><tr><td><p>Gro\u00dfbritannien<\/p><\/td><td><p>Britisches &pound; Pfund Sterling (GBP)<\/p><\/td><\/tr><tr><td><p>Europa<\/p><\/td><td><p>&euro; (EUR)<\/p><\/td><\/tr><tr><td><p>Kanada<\/p><\/td><td><p>Kanadischer C$ (CAD)<\/p><\/td><\/tr><tr><td><p>Vereinigte Staaten von Amerika<\/p><\/td><td><p>US-Dollar (USD)<\/p><\/td><\/tr><tr><td><p>Japan<\/p><\/td><td><p>Japanischer Yen (JPY)<\/p><\/td><\/tr><\/tbody><\/table><p>Diese W\u00e4hrungen gelten aufgrund ihrer eigenen starken Volkswirtschaften und des guten Vertrauens von globalen Sponsoren und Beh\u00f6rden als eine der einflussreichsten der Welt.<\/p><h2>Kryptofinanzierung in Deutschland und der Welt<\/h2><p>Kryptow\u00e4hrungen stehen jedoch neben den Vorteilen auch vor Herausforderungen. Die hohe Volatilit\u00e4t der Wechselkurse, mangelnde Regulierung und die M\u00f6glichkeit des Einsatzes f\u00fcr illegale Aktivit\u00e4ten sorgen bei einigen Verbrauchern und Regierungsstrukturen f\u00fcr Best\u00fcrzung. Dennoch w\u00e4chst das Interesse an Kryptow\u00e4hrungen weiter und immer mehr Einwohner betrachten sie als eine M\u00f6glichkeit, ihre eigenen Investitionen zu diversifizieren und sich vor Inflation zu sch\u00fctzen.<\/p><p>In letzter Zeit hat die Popularit\u00e4t der Kryptofinanzierung rasant zugenommen . Ein guter Grund daf\u00fcr ist die Delegation von Kryptow\u00e4hrungen, die Freiheit von Banken und Regierungen bieten. Dies zieht Sponsoren und Kunden an, die nach Alternativen f\u00fcr klassische Geldmethoden suchen. Kryptow\u00e4hrungen erm\u00f6glichen sofortige und g\u00fcnstige Transaktionen sowie die M\u00f6glichkeit, internationale \u00dcberweisungen ohne H\u00e4ndler durchzuf\u00fchren. Auch das Wachstum der Blockchain-Technologien, der Einsatz von Krypto-Finanzierung in verschiedenen Branchen und die Hilfe f\u00fchrender Unternehmen wirken sich auf die Anerkennung aus.<\/p><p>Die bekanntesten Kryptow\u00e4hrungen:<\/p><ul><li>Litecoin (Litecoin, LTC)<\/li><li>Binance Coin (Binance Coin, BNB)<\/li><li>Solana (Solana)<\/li><li>Ripple (Ripple, XRP)<\/li><li>Etherium (Ethereum, ETH)<\/li><li>Bitcoin (Bitcoin, BTC)<\/li><li>Polkadot (Polkadot, DOT)<\/li><li>Cardano (Cardano, ADA)<\/li><\/ul><p>Die bekanntesten Kryptow\u00e4hrungsplattformen sind Binance, Coinbase, Kraken und Bitfinex. Mit diesen Anwendungen k\u00f6nnen Benutzer verschiedene Kryptow\u00e4hrungen kaufen, verkaufen und tauschen. Sie bieten gute Liquidit\u00e4t, zuverl\u00e4ssige Schutzsysteme und eine breite Palette an Handelsinstrumenten, was sie sowohl bei Amateuren als auch bei professionellen H\u00e4ndlern beliebt macht.<\/p><h3>Die Macht von Bitcoin auf die Volkswirtschaften der Staaten<\/h3><p>Die Auswirkungen von BTC auf die Volkswirtschaften der L\u00e4nder sollten aus mehreren Hauptaspekten betrachtet werden. Erstens er\u00f6ffnen Bitcoin und \u00e4hnliche Kryptow\u00e4hrungen neue M\u00f6glichkeiten f\u00fcr den Geldverkehr, die die Entwicklung der digitalen Wirtschaft ankurbeln und neue Arbeitspl\u00e4tze in der IT-Branche schaffen k\u00f6nnen. Dar\u00fcber hinaus erm\u00f6glicht Bitcoin als Akkumulations- und Investitionsressource die Diversifizierung wirtschaftlicher Portfolios und die Verbesserung der wirtschaftlichen Freiheit der Menschen. Dar\u00fcber hinaus kann Bitcoin in L\u00e4ndern mit instabilen Volkswirtschaften existieren, um Sanktionen zu umgehen und Verm\u00f6genswerte gegen Inflation abzusichern, was jedoch zu globalen Spannungen f\u00fchren und die Aufmerksamkeit der Regulierungsbeh\u00f6rden auf sich ziehen kann. Schlie\u00dflich erfordert die umfangreiche Nutzung von Krypto-Assets eine Anpassung der Gesetze und die Schaffung neuer regulatorischer Grenzen, was sowohl positiven als auch negativen Druck auf die Zahlungsstabilit\u00e4t haben kann.<\/p><h2>Auswirkung globaler Vorf\u00e4lle auf Einheiten<\/h2><p>Globale Ph\u00e4nomene haben gro\u00dfen Einfluss auf die W\u00e4hrungskurse auf internationaler Ebene. Wenn Sie informative Artikel \u00fcber das Geschehen in Deutschland lesen m\u00f6chten, besuchen Sie das informative Webportal <a href=\"https:\/\/znaki.fm\/de\/\">Znaki FM<\/a> und erfahren Sie viel Interessantes. Politische Schwierigkeiten, Zahlungsbeschr\u00e4nkungen, milit\u00e4rische Auseinandersetzungen und Naturkatastrophen k\u00f6nnen schnelle Schocks bei den St\u00fcckpreisen ausl\u00f6sen. Beispielsweise kann eine administrative Instabilit\u00e4t in einem bestimmten Land das Vertrauen in seine W\u00e4hrung schw\u00e4chen, was zu einer Abwertung f\u00fchrt. Gleichzeitig k\u00f6nnen Anleger in Zeiten globaler finanzieller Unsicherheit nach \u201eruhigen H\u00e4fen\u201c in W\u00e4hrungen wie dem US-Dollar oder dem Schweizer Franken suchen, was zu einer St\u00e4rkung dieser W\u00e4hrungen f\u00fchren wird.<\/p><\/tabelle>","protected":false},"excerpt":{"rendered":"<p>Eine starke Wirtschaft ist die Grundlage f\u00fcr nachhaltiges Wachstum eines Landes, und Deutschland bildet da keine Ausnahme. Wirtschaftlicher Wohlstand tr\u00e4gt nicht nur zur Schaffung neuer Arbeitspl\u00e4tze und zur Verbesserung des Lebensstandards der Bev\u00f6lkerung bei, sondern bildet auch die Grundlage f\u00fcr eine langfristige Entwicklung. F\u00fcr jedes Land ist eine gesunde Wirtschaft notwendig, damit die W\u00e4hrung des [&hellip;]<\/p>\n","protected":false},"author":3,"featured_media":0,"parent":0,"menu_order":0,"comment_status":"closed","ping_status":"closed","template":"","meta":{"_acf_changed":false,"_eb_attr":"","footnotes":""},"class_list":["post-1094","page","type-page","status-publish","hentry"],"acf":[],"_links":{"self":[{"href":"https:\/\/www.lemediterraneen-montargis.com\/en\/wp-json\/wp\/v2\/pages\/1094","targetHints":{"allow":["GET"]}}],"collection":[{"href":"https:\/\/www.lemediterraneen-montargis.com\/en\/wp-json\/wp\/v2\/pages"}],"about":[{"href":"https:\/\/www.lemediterraneen-montargis.com\/en\/wp-json\/wp\/v2\/types\/page"}],"author":[{"embeddable":true,"href":"https:\/\/www.lemediterraneen-montargis.com\/en\/wp-json\/wp\/v2\/users\/3"}],"replies":[{"embeddable":true,"href":"https:\/\/www.lemediterraneen-montargis.com\/en\/wp-json\/wp\/v2\/comments?post=1094"}],"version-history":[{"count":1,"href":"https:\/\/www.lemediterraneen-montargis.com\/en\/wp-json\/wp\/v2\/pages\/1094\/revisions"}],"predecessor-version":[{"id":1095,"href":"https:\/\/www.lemediterraneen-montargis.com\/en\/wp-json\/wp\/v2\/pages\/1094\/revisions\/1095"}],"wp:attachment":[{"href":"https:\/\/www.lemediterraneen-montargis.com\/en\/wp-json\/wp\/v2\/media?parent=1094"}],"curies":[{"name":"wp","href":"https:\/\/api.w.org\/{rel}","templated":true}]}}